{"id":3945,"date":"2026-02-06T14:48:51","date_gmt":"2026-02-06T13:48:51","guid":{"rendered":"https:\/\/www.vimab.se\/?page_id=3945"},"modified":"2026-02-06T14:55:41","modified_gmt":"2026-02-06T13:55:41","slug":"tack-for-att-du-deltog-i-var-undersokning","status":"publish","type":"page","link":"https:\/\/www.vimab.se\/en\/tack-for-att-du-deltog-i-var-undersokning\/","title":{"rendered":"Tack f\u00f6r att du deltog i v\u00e5r unders\u00f6kning"},"content":{"rendered":"","protected":false},"excerpt":{"rendered":"","protected":false},"author":6,"featured_media":0,"parent":0,"menu_order":0,"comment_status":"closed","ping_status":"closed","template":"","meta":{"_acf_changed":false,"footnotes":""},"class_list":["post-3945","page","type-page","status-publish","hentry"],"acf":[],"_links":{"self":[{"href":"https:\/\/www.vimab.se\/en\/wp-json\/wp\/v2\/pages\/3945","targetHints":{"allow":["GET"]}}],"collection":[{"href":"https:\/\/www.vimab.se\/en\/wp-json\/wp\/v2\/pages"}],"about":[{"href":"https:\/\/www.vimab.se\/en\/wp-json\/wp\/v2\/types\/page"}],"author":[{"embeddable":true,"href":"https:\/\/www.vimab.se\/en\/wp-json\/wp\/v2\/users\/6"}],"replies":[{"embeddable":true,"href":"https:\/\/www.vimab.se\/en\/wp-json\/wp\/v2\/comments?post=3945"}],"version-history":[{"count":6,"href":"https:\/\/www.vimab.se\/en\/wp-json\/wp\/v2\/pages\/3945\/revisions"}],"predecessor-version":[{"id":3951,"href":"https:\/\/www.vimab.se\/en\/wp-json\/wp\/v2\/pages\/3945\/revisions\/3951"}],"wp:attachment":[{"href":"https:\/\/www.vimab.se\/en\/wp-json\/wp\/v2\/media?parent=3945"}],"curies":[{"name":"wp","href":"https:\/\/api.w.org\/{rel}","templated":true}]}}